{"id":1203,"date":"2025-07-08T10:50:50","date_gmt":"2025-07-08T14:50:50","guid":{"rendered":"https:\/\/mobilitecharlevoix.ca\/politique-de-confidentialite\/"},"modified":"2025-11-05T11:44:16","modified_gmt":"2025-11-05T16:44:16","slug":"confidentiality-policy","status":"publish","type":"page","link":"https:\/\/mobilitecharlevoix.ca\/en\/confidentiality-policy\/","title":{"rendered":"Confidentiality policy"},"content":{"rendered":"\r\n<h2 class=\"wp-block-heading\">Qui sommes-nous<\/h2>\r\n\r\n\r\n\r\n<p>L&#8217;adresse de notre site web est : https:\/\/www.mobilitecharlevoix.ca\/.<\/p>\r\n\r\n\r\n\r\n<h2 class=\"wp-block-heading\">Messages<\/h2>\r\n\r\n\r\n\r\n<p>Quand vous laissez un message sur notre site web, les donn\u00e9es inscrites dans le formulaire, mais aussi votre adresse IP et l\u2019agent utilisateur de votre navigateur sont collect\u00e9s pour nous aider \u00e0 la d\u00e9tection des commentaires ind\u00e9sirables.<\/p>\r\n\r\n\r\n\r\n\r\n\r\n\r\n\r\n<h2 class=\"wp-block-heading\">Contenu imbriqu\u00e9 d&#8217;autres sites web<\/h2>\r\n\r\n\r\n\r\n<p>Les articles de ce site peuvent inclure des contenus int\u00e9gr\u00e9s (par exemple des vid\u00e9os, images, articles, etc). Le contenu int\u00e9gr\u00e9 \u00e0 partir d\u2019autres sites se comporte de la m\u00eame mani\u00e8re que si le visiteur se rendait sur cet autre site.<\/p>\r\n\r\n\r\n\r\n<p>Ces sites web pourraient recueillir des donn\u00e9es sur vous, utiliser des t\u00e9moins, installer des outils de suivi tierce-partie ou suivre vos interactions avec ces contenus int\u00e9gr\u00e9s si vous disposez d\u2019un compte et \u00eates connect\u00e9 leur site web.<\/p>\r\n\r\n\r\n\r\n\r\n\r\n\r\n\r\n<p>&nbsp;<\/p>","protected":false},"excerpt":{"rendered":"<p>Qui sommes-nous L&#8217;adresse de notre site web est : https:\/\/www.mobilitecharlevoix.ca\/. Messages Quand vous laissez un message sur notre site web, les donn\u00e9es inscrites dans le formulaire, mais aussi votre adresse IP et l\u2019agent utilisateur de votre navigateur sont collect\u00e9s pour nous aider \u00e0 la d\u00e9tection des commentaires ind\u00e9sirables. Contenu imbriqu\u00e9 d&#8217;autres sites web Les articles [&hellip;]<\/p>\n","protected":false},"author":1,"featured_media":0,"parent":0,"menu_order":0,"comment_status":"closed","ping_status":"open","template":"","meta":{"_acf_changed":false,"footnotes":""},"class_list":["post-1203","page","type-page","status-publish","hentry"],"acf":[],"yoast_head":"<!-- This site is optimized with the Yoast SEO plugin v26.5 - https:\/\/yoast.com\/wordpress\/plugins\/seo\/ -->\n<title>Confidentiality policy - Mobilit\u00e9 Charlevoix<\/title>\n<meta name=\"robots\" content=\"index, follow, max-snippet:-1, max-image-preview:large, max-video-preview:-1\" \/>\n<link rel=\"canonical\" href=\"https:\/\/mobilitecharlevoix.ca\/en\/confidentiality-policy\/\" \/>\n<meta property=\"og:locale\" content=\"en_US\" \/>\n<meta property=\"og:type\" content=\"article\" \/>\n<meta property=\"og:title\" content=\"Confidentiality policy - Mobilit\u00e9 Charlevoix\" \/>\n<meta property=\"og:description\" content=\"Qui sommes-nous L&#8217;adresse de notre site web est : https:\/\/www.mobilitecharlevoix.ca\/. Messages Quand vous laissez un message sur notre site web, les donn\u00e9es inscrites dans le formulaire, mais aussi votre adresse IP et l\u2019agent utilisateur de votre navigateur sont collect\u00e9s pour nous aider \u00e0 la d\u00e9tection des commentaires ind\u00e9sirables. Contenu imbriqu\u00e9 d&#8217;autres sites web Les articles [&hellip;]\" \/>\n<meta property=\"og:url\" content=\"https:\/\/mobilitecharlevoix.ca\/en\/confidentiality-policy\/\" \/>\n<meta property=\"og:site_name\" content=\"Mobilit\u00e9 Charlevoix\" \/>\n<meta property=\"article:modified_time\" content=\"2025-11-05T16:44:16+00:00\" \/>\n<meta name=\"twitter:card\" content=\"summary_large_image\" \/>\n<meta name=\"twitter:label1\" content=\"Est. reading time\" \/>\n\t<meta name=\"twitter:data1\" content=\"1 minute\" \/>\n<script type=\"application\/ld+json\" class=\"yoast-schema-graph\">{\"@context\":\"https:\/\/schema.org\",\"@graph\":[{\"@type\":\"WebPage\",\"@id\":\"https:\/\/mobilitecharlevoix.ca\/en\/confidentiality-policy\/\",\"url\":\"https:\/\/mobilitecharlevoix.ca\/en\/confidentiality-policy\/\",\"name\":\"Confidentiality policy - Mobilit\u00e9 Charlevoix\",\"isPartOf\":{\"@id\":\"https:\/\/mobilitecharlevoix.ca\/#website\"},\"datePublished\":\"2025-07-08T14:50:50+00:00\",\"dateModified\":\"2025-11-05T16:44:16+00:00\",\"breadcrumb\":{\"@id\":\"https:\/\/mobilitecharlevoix.ca\/en\/confidentiality-policy\/#breadcrumb\"},\"inLanguage\":\"en-US\",\"potentialAction\":[{\"@type\":\"ReadAction\",\"target\":[\"https:\/\/mobilitecharlevoix.ca\/en\/confidentiality-policy\/\"]}]},{\"@type\":\"BreadcrumbList\",\"@id\":\"https:\/\/mobilitecharlevoix.ca\/en\/confidentiality-policy\/#breadcrumb\",\"itemListElement\":[{\"@type\":\"ListItem\",\"position\":1,\"name\":\"Home\",\"item\":\"https:\/\/mobilitecharlevoix.ca\/en\/home\/\"},{\"@type\":\"ListItem\",\"position\":2,\"name\":\"Confidentiality policy\"}]},{\"@type\":\"WebSite\",\"@id\":\"https:\/\/mobilitecharlevoix.ca\/#website\",\"url\":\"https:\/\/mobilitecharlevoix.ca\/\",\"name\":\"Mobilit\u00e9 Charlevoix\",\"description\":\"\",\"publisher\":{\"@id\":\"https:\/\/mobilitecharlevoix.ca\/#organization\"},\"potentialAction\":[{\"@type\":\"SearchAction\",\"target\":{\"@type\":\"EntryPoint\",\"urlTemplate\":\"https:\/\/mobilitecharlevoix.ca\/?s={search_term_string}\"},\"query-input\":{\"@type\":\"PropertyValueSpecification\",\"valueRequired\":true,\"valueName\":\"search_term_string\"}}],\"inLanguage\":\"en-US\"},{\"@type\":\"Organization\",\"@id\":\"https:\/\/mobilitecharlevoix.ca\/#organization\",\"name\":\"Mobilit\u00e9 Charlevoix\",\"url\":\"https:\/\/mobilitecharlevoix.ca\/\",\"logo\":{\"@type\":\"ImageObject\",\"inLanguage\":\"en-US\",\"@id\":\"https:\/\/mobilitecharlevoix.ca\/#\/schema\/logo\/image\/\",\"url\":\"https:\/\/mobilitecharlevoix.ca\/wp-content\/uploads\/2025\/07\/MobiliteCharlevoix_Logotype_RBG_Officiel-1.svg\",\"contentUrl\":\"https:\/\/mobilitecharlevoix.ca\/wp-content\/uploads\/2025\/07\/MobiliteCharlevoix_Logotype_RBG_Officiel-1.svg\",\"width\":1,\"height\":1,\"caption\":\"Mobilit\u00e9 Charlevoix\"},\"image\":{\"@id\":\"https:\/\/mobilitecharlevoix.ca\/#\/schema\/logo\/image\/\"}}]}<\/script>\n<!-- \/ Yoast SEO plugin. -->","yoast_head_json":{"title":"Confidentiality policy - Mobilit\u00e9 Charlevoix","robots":{"index":"index","follow":"follow","max-snippet":"max-snippet:-1","max-image-preview":"max-image-preview:large","max-video-preview":"max-video-preview:-1"},"canonical":"https:\/\/mobilitecharlevoix.ca\/en\/confidentiality-policy\/","og_locale":"en_US","og_type":"article","og_title":"Confidentiality policy - Mobilit\u00e9 Charlevoix","og_description":"Qui sommes-nous L&#8217;adresse de notre site web est : https:\/\/www.mobilitecharlevoix.ca\/. Messages Quand vous laissez un message sur notre site web, les donn\u00e9es inscrites dans le formulaire, mais aussi votre adresse IP et l\u2019agent utilisateur de votre navigateur sont collect\u00e9s pour nous aider \u00e0 la d\u00e9tection des commentaires ind\u00e9sirables. Contenu imbriqu\u00e9 d&#8217;autres sites web Les articles [&hellip;]","og_url":"https:\/\/mobilitecharlevoix.ca\/en\/confidentiality-policy\/","og_site_name":"Mobilit\u00e9 Charlevoix","article_modified_time":"2025-11-05T16:44:16+00:00","twitter_card":"summary_large_image","twitter_misc":{"Est. reading time":"1 minute"},"schema":{"@context":"https:\/\/schema.org","@graph":[{"@type":"WebPage","@id":"https:\/\/mobilitecharlevoix.ca\/en\/confidentiality-policy\/","url":"https:\/\/mobilitecharlevoix.ca\/en\/confidentiality-policy\/","name":"Confidentiality policy - Mobilit\u00e9 Charlevoix","isPartOf":{"@id":"https:\/\/mobilitecharlevoix.ca\/#website"},"datePublished":"2025-07-08T14:50:50+00:00","dateModified":"2025-11-05T16:44:16+00:00","breadcrumb":{"@id":"https:\/\/mobilitecharlevoix.ca\/en\/confidentiality-policy\/#breadcrumb"},"inLanguage":"en-US","potentialAction":[{"@type":"ReadAction","target":["https:\/\/mobilitecharlevoix.ca\/en\/confidentiality-policy\/"]}]},{"@type":"BreadcrumbList","@id":"https:\/\/mobilitecharlevoix.ca\/en\/confidentiality-policy\/#breadcrumb","itemListElement":[{"@type":"ListItem","position":1,"name":"Home","item":"https:\/\/mobilitecharlevoix.ca\/en\/home\/"},{"@type":"ListItem","position":2,"name":"Confidentiality policy"}]},{"@type":"WebSite","@id":"https:\/\/mobilitecharlevoix.ca\/#website","url":"https:\/\/mobilitecharlevoix.ca\/","name":"Mobilit\u00e9 Charlevoix","description":"","publisher":{"@id":"https:\/\/mobilitecharlevoix.ca\/#organization"},"potentialAction":[{"@type":"SearchAction","target":{"@type":"EntryPoint","urlTemplate":"https:\/\/mobilitecharlevoix.ca\/?s={search_term_string}"},"query-input":{"@type":"PropertyValueSpecification","valueRequired":true,"valueName":"search_term_string"}}],"inLanguage":"en-US"},{"@type":"Organization","@id":"https:\/\/mobilitecharlevoix.ca\/#organization","name":"Mobilit\u00e9 Charlevoix","url":"https:\/\/mobilitecharlevoix.ca\/","logo":{"@type":"ImageObject","inLanguage":"en-US","@id":"https:\/\/mobilitecharlevoix.ca\/#\/schema\/logo\/image\/","url":"https:\/\/mobilitecharlevoix.ca\/wp-content\/uploads\/2025\/07\/MobiliteCharlevoix_Logotype_RBG_Officiel-1.svg","contentUrl":"https:\/\/mobilitecharlevoix.ca\/wp-content\/uploads\/2025\/07\/MobiliteCharlevoix_Logotype_RBG_Officiel-1.svg","width":1,"height":1,"caption":"Mobilit\u00e9 Charlevoix"},"image":{"@id":"https:\/\/mobilitecharlevoix.ca\/#\/schema\/logo\/image\/"}}]}},"_links":{"self":[{"href":"https:\/\/mobilitecharlevoix.ca\/en\/wp-json\/wp\/v2\/pages\/1203","targetHints":{"allow":["GET"]}}],"collection":[{"href":"https:\/\/mobilitecharlevoix.ca\/en\/wp-json\/wp\/v2\/pages"}],"about":[{"href":"https:\/\/mobilitecharlevoix.ca\/en\/wp-json\/wp\/v2\/types\/page"}],"author":[{"embeddable":true,"href":"https:\/\/mobilitecharlevoix.ca\/en\/wp-json\/wp\/v2\/users\/1"}],"replies":[{"embeddable":true,"href":"https:\/\/mobilitecharlevoix.ca\/en\/wp-json\/wp\/v2\/comments?post=1203"}],"version-history":[{"count":4,"href":"https:\/\/mobilitecharlevoix.ca\/en\/wp-json\/wp\/v2\/pages\/1203\/revisions"}],"predecessor-version":[{"id":1610,"href":"https:\/\/mobilitecharlevoix.ca\/en\/wp-json\/wp\/v2\/pages\/1203\/revisions\/1610"}],"wp:attachment":[{"href":"https:\/\/mobilitecharlevoix.ca\/en\/wp-json\/wp\/v2\/media?parent=1203"}],"curies":[{"name":"wp","href":"https:\/\/api.w.org\/{rel}","templated":true}]}}